{"id":4250,"date":"2024-04-05T17:57:53","date_gmt":"2024-04-05T15:57:53","guid":{"rendered":"https:\/\/stellair-show.com\/terms-of-use\/"},"modified":"2024-04-09T10:49:12","modified_gmt":"2024-04-09T08:49:12","slug":"terms-of-use","status":"publish","type":"page","link":"https:\/\/stellair-show.com\/en\/terms-of-use\/","title":{"rendered":"Terms of use"},"content":{"rendered":"\t\t<div data-elementor-type=\"wp-page\" data-elementor-id=\"4250\" class=\"elementor elementor-4250 elementor-3845\" data-elementor-post-type=\"page\">\n\t\t\t\t<div class=\"elementor-element elementor-element-c5a05e3 e-flex e-con-boxed e-con e-parent\" data-id=\"c5a05e3\" data-element_type=\"container\" data-e-type=\"container\">\n\t\t\t\t\t<div class=\"e-con-inner\">\n\t\t\t\t<div class=\"elementor-element elementor-element-aedc70a elementor-widget elementor-widget-theme-post-title elementor-page-title elementor-widget-heading\" data-id=\"aedc70a\" data-element_type=\"widget\" data-e-type=\"widget\" data-widget_type=\"theme-post-title.default\">\n\t\t\t\t<div class=\"elementor-widget-container\">\n\t\t\t\t\t<h1 class=\"elementor-heading-title elementor-size-default\">Terms of use<\/h1>\t\t\t\t<\/div>\n\t\t\t\t<\/div>\n\t\t\t\t<div class=\"elementor-element elementor-element-feac1b2 post-content-style elementor-widget elementor-widget-text-editor\" data-id=\"feac1b2\" data-element_type=\"widget\" data-e-type=\"widget\" data-widget_type=\"text-editor.default\">\n\t\t\t\t<div class=\"elementor-widget-container\">\n\t\t\t\t\t\t\t\t\t<p><br><b>Legal form <\/b>: Soci\u00e9t\u00e9 par actions simplifi\u00e9e<br><\/p>\n<p><b>Trade name<\/b>:&nbsp; PETRA<br><b>Telephone:<\/b>&nbsp;+33 (0) 6 86 54 15 38<br><b>Postal address<\/b> RUE DES ORPAILLEURS 18200 SAINT-AMAND-MONTROND<br><b>SIREN number<\/b> 922623285<br><b>Intracommunity VAT number<\/b>:&nbsp;FR87922623285<br><br><\/p>\t\t\t\t\t\t\t\t<\/div>\n\t\t\t\t<\/div>\n\t\t\t\t\t<\/div>\n\t\t\t\t<\/div>\n\t\t\t\t<\/div>\n\t\t","protected":false},"excerpt":{"rendered":"<p>Legal form : Soci\u00e9t\u00e9 par actions simplifi\u00e9e Trade name:&nbsp; PETRATelephone:&nbsp;+33 (0) 6 86 54 15 38Postal address RUE DES ORPAILLEURS 18200 SAINT-AMAND-MONTRONDSIREN number 922623285Intracommunity VAT number:&nbsp;FR87922623285<\/p>\n","protected":false},"author":1,"featured_media":0,"parent":0,"menu_order":0,"comment_status":"closed","ping_status":"closed","template":"elementor_header_footer","meta":{"_acf_changed":false,"content-type":"","inline_featured_image":false,"footnotes":""},"class_list":["post-4250","page","type-page","status-publish","hentry"],"acf":[],"yoast_head":"<!-- This site is optimized with the Yoast SEO Premium plugin v27.3 (Yoast SEO v27.4) - https:\/\/yoast.com\/product\/yoast-seo-premium-wordpress\/ -->\n<title>Terms of use | STELLAIR<\/title>\n<meta name=\"robots\" content=\"index, follow, max-snippet:-1, max-image-preview:large, max-video-preview:-1\" \/>\n<link rel=\"canonical\" href=\"https:\/\/stellair-show.com\/en\/terms-of-use\/\" \/>\n<meta property=\"og:locale\" content=\"en_US\" \/>\n<meta property=\"og:type\" content=\"article\" \/>\n<meta property=\"og:title\" content=\"Terms of use\" \/>\n<meta property=\"og:description\" content=\"Legal form : Soci\u00e9t\u00e9 par actions simplifi\u00e9e Trade name:&nbsp; PETRATelephone:&nbsp;+33 (0) 6 86 54 15 38Postal address RUE DES ORPAILLEURS 18200 SAINT-AMAND-MONTRONDSIREN number 922623285Intracommunity VAT number:&nbsp;FR87922623285\" \/>\n<meta property=\"og:url\" content=\"https:\/\/stellair-show.com\/en\/terms-of-use\/\" \/>\n<meta property=\"og:site_name\" content=\"STELLAIR\" \/>\n<meta property=\"article:publisher\" content=\"https:\/\/www.facebook.com\/profile.php?id=100090566400561\" \/>\n<meta property=\"article:modified_time\" content=\"2024-04-09T08:49:12+00:00\" \/>\n<meta property=\"og:image\" content=\"https:\/\/stellair-show.com\/wp-content\/uploads\/2024\/04\/mongenevre.webp\" \/>\n\t<meta property=\"og:image:width\" content=\"1921\" \/>\n\t<meta property=\"og:image:height\" content=\"1440\" \/>\n\t<meta property=\"og:image:type\" content=\"image\/webp\" \/>\n<meta name=\"twitter:card\" content=\"summary_large_image\" \/>\n<script type=\"application\/ld+json\" class=\"yoast-schema-graph\">{\"@context\":\"https:\\\/\\\/schema.org\",\"@graph\":[{\"@type\":[\"Article\",\"BlogPosting\"],\"@id\":\"https:\\\/\\\/stellair-show.com\\\/en\\\/terms-of-use\\\/#article\",\"isPartOf\":{\"@id\":\"https:\\\/\\\/stellair-show.com\\\/en\\\/terms-of-use\\\/\"},\"author\":{\"name\":\"STELLAIR\",\"@id\":\"https:\\\/\\\/stellair-show.com\\\/en\\\/#\\\/schema\\\/person\\\/a558e89a2f8c1a88c0938b316c596c27\"},\"headline\":\"Terms of use\",\"datePublished\":\"2024-04-05T15:57:53+00:00\",\"dateModified\":\"2024-04-09T08:49:12+00:00\",\"mainEntityOfPage\":{\"@id\":\"https:\\\/\\\/stellair-show.com\\\/en\\\/terms-of-use\\\/\"},\"wordCount\":30,\"publisher\":{\"@id\":\"https:\\\/\\\/stellair-show.com\\\/en\\\/#organization\"},\"inLanguage\":\"en-US\"},{\"@type\":\"WebPage\",\"@id\":\"https:\\\/\\\/stellair-show.com\\\/en\\\/terms-of-use\\\/\",\"url\":\"https:\\\/\\\/stellair-show.com\\\/en\\\/terms-of-use\\\/\",\"name\":\"Terms of use | STELLAIR\",\"isPartOf\":{\"@id\":\"https:\\\/\\\/stellair-show.com\\\/en\\\/#website\"},\"datePublished\":\"2024-04-05T15:57:53+00:00\",\"dateModified\":\"2024-04-09T08:49:12+00:00\",\"breadcrumb\":{\"@id\":\"https:\\\/\\\/stellair-show.com\\\/en\\\/terms-of-use\\\/#breadcrumb\"},\"inLanguage\":\"en-US\",\"potentialAction\":[{\"@type\":\"ReadAction\",\"target\":[\"https:\\\/\\\/stellair-show.com\\\/en\\\/terms-of-use\\\/\"]}]},{\"@type\":\"BreadcrumbList\",\"@id\":\"https:\\\/\\\/stellair-show.com\\\/en\\\/terms-of-use\\\/#breadcrumb\",\"itemListElement\":[{\"@type\":\"ListItem\",\"position\":1,\"name\":\"Accueil\",\"item\":\"https:\\\/\\\/stellair-show.com\\\/en\\\/\"},{\"@type\":\"ListItem\",\"position\":2,\"name\":\"Terms of use\"}]},{\"@type\":\"WebSite\",\"@id\":\"https:\\\/\\\/stellair-show.com\\\/en\\\/#website\",\"url\":\"https:\\\/\\\/stellair-show.com\\\/en\\\/\",\"name\":\"STELLAIR\",\"description\":\"Spectacle de drones\",\"publisher\":{\"@id\":\"https:\\\/\\\/stellair-show.com\\\/en\\\/#organization\"},\"potentialAction\":[{\"@type\":\"SearchAction\",\"target\":{\"@type\":\"EntryPoint\",\"urlTemplate\":\"https:\\\/\\\/stellair-show.com\\\/en\\\/?s={search_term_string}\"},\"query-input\":{\"@type\":\"PropertyValueSpecification\",\"valueRequired\":true,\"valueName\":\"search_term_string\"}}],\"inLanguage\":\"en-US\"},{\"@type\":\"Organization\",\"@id\":\"https:\\\/\\\/stellair-show.com\\\/en\\\/#organization\",\"name\":\"Stellair\",\"url\":\"https:\\\/\\\/stellair-show.com\\\/en\\\/\",\"logo\":{\"@type\":\"ImageObject\",\"inLanguage\":\"en-US\",\"@id\":\"https:\\\/\\\/stellair-show.com\\\/en\\\/#\\\/schema\\\/logo\\\/image\\\/\",\"url\":\"https:\\\/\\\/stellair-show.com\\\/wp-content\\\/uploads\\\/2024\\\/04\\\/logo-stellair-white-black.svg\",\"contentUrl\":\"https:\\\/\\\/stellair-show.com\\\/wp-content\\\/uploads\\\/2024\\\/04\\\/logo-stellair-white-black.svg\",\"width\":517,\"height\":380,\"caption\":\"Stellair\"},\"image\":{\"@id\":\"https:\\\/\\\/stellair-show.com\\\/en\\\/#\\\/schema\\\/logo\\\/image\\\/\"},\"sameAs\":[\"https:\\\/\\\/www.facebook.com\\\/profile.php?id=100090566400561\",\"https:\\\/\\\/fr.linkedin.com\\\/company\\\/stellair-show\",\"https:\\\/\\\/www.instagram.com\\\/stellair_show\\\/\"],\"description\":\"Bienvenue chez Stellair, experts des spectacles de drone lumineux. Nous combinons la technologie des drones avec l'art visuel pour cr\u00e9er des exp\u00e9riences uniques. Nos spectacles sont personnalisables et adapt\u00e9s \u00e0 divers \u00e9v\u00e9nements. Notre \u00e9quipe assure une planification minutieuse et une ex\u00e9cution impeccable pour des moments magiques dans le ciel.\",\"email\":\"contact@stellair-show.com\",\"telephone\":\"0686541538\",\"legalName\":\"PETRA\"},{\"@type\":\"Person\",\"@id\":\"https:\\\/\\\/stellair-show.com\\\/en\\\/#\\\/schema\\\/person\\\/a558e89a2f8c1a88c0938b316c596c27\",\"name\":\"STELLAIR\",\"image\":{\"@type\":\"ImageObject\",\"inLanguage\":\"en-US\",\"@id\":\"https:\\\/\\\/secure.gravatar.com\\\/avatar\\\/b019528ceaae7ad4ba9a117b244517aef8dae3ed5a804aad99af2d29f3aee34b?s=96&d=mm&r=g\",\"url\":\"https:\\\/\\\/secure.gravatar.com\\\/avatar\\\/b019528ceaae7ad4ba9a117b244517aef8dae3ed5a804aad99af2d29f3aee34b?s=96&d=mm&r=g\",\"contentUrl\":\"https:\\\/\\\/secure.gravatar.com\\\/avatar\\\/b019528ceaae7ad4ba9a117b244517aef8dae3ed5a804aad99af2d29f3aee34b?s=96&d=mm&r=g\",\"caption\":\"STELLAIR\"},\"sameAs\":[\"https:\\\/\\\/stellair-show.com\"]}]}<\/script>\n<!-- \/ Yoast SEO Premium plugin. -->","yoast_head_json":{"title":"Terms of use | STELLAIR","robots":{"index":"index","follow":"follow","max-snippet":"max-snippet:-1","max-image-preview":"max-image-preview:large","max-video-preview":"max-video-preview:-1"},"canonical":"https:\/\/stellair-show.com\/en\/terms-of-use\/","og_locale":"en_US","og_type":"article","og_title":"Terms of use","og_description":"Legal form : Soci\u00e9t\u00e9 par actions simplifi\u00e9e Trade name:&nbsp; PETRATelephone:&nbsp;+33 (0) 6 86 54 15 38Postal address RUE DES ORPAILLEURS 18200 SAINT-AMAND-MONTRONDSIREN number 922623285Intracommunity VAT number:&nbsp;FR87922623285","og_url":"https:\/\/stellair-show.com\/en\/terms-of-use\/","og_site_name":"STELLAIR","article_publisher":"https:\/\/www.facebook.com\/profile.php?id=100090566400561","article_modified_time":"2024-04-09T08:49:12+00:00","og_image":[{"width":1921,"height":1440,"url":"https:\/\/stellair-show.com\/wp-content\/uploads\/2024\/04\/mongenevre.webp","type":"image\/webp"}],"twitter_card":"summary_large_image","schema":{"@context":"https:\/\/schema.org","@graph":[{"@type":["Article","BlogPosting"],"@id":"https:\/\/stellair-show.com\/en\/terms-of-use\/#article","isPartOf":{"@id":"https:\/\/stellair-show.com\/en\/terms-of-use\/"},"author":{"name":"STELLAIR","@id":"https:\/\/stellair-show.com\/en\/#\/schema\/person\/a558e89a2f8c1a88c0938b316c596c27"},"headline":"Terms of use","datePublished":"2024-04-05T15:57:53+00:00","dateModified":"2024-04-09T08:49:12+00:00","mainEntityOfPage":{"@id":"https:\/\/stellair-show.com\/en\/terms-of-use\/"},"wordCount":30,"publisher":{"@id":"https:\/\/stellair-show.com\/en\/#organization"},"inLanguage":"en-US"},{"@type":"WebPage","@id":"https:\/\/stellair-show.com\/en\/terms-of-use\/","url":"https:\/\/stellair-show.com\/en\/terms-of-use\/","name":"Terms of use | STELLAIR","isPartOf":{"@id":"https:\/\/stellair-show.com\/en\/#website"},"datePublished":"2024-04-05T15:57:53+00:00","dateModified":"2024-04-09T08:49:12+00:00","breadcrumb":{"@id":"https:\/\/stellair-show.com\/en\/terms-of-use\/#breadcrumb"},"inLanguage":"en-US","potentialAction":[{"@type":"ReadAction","target":["https:\/\/stellair-show.com\/en\/terms-of-use\/"]}]},{"@type":"BreadcrumbList","@id":"https:\/\/stellair-show.com\/en\/terms-of-use\/#breadcrumb","itemListElement":[{"@type":"ListItem","position":1,"name":"Accueil","item":"https:\/\/stellair-show.com\/en\/"},{"@type":"ListItem","position":2,"name":"Terms of use"}]},{"@type":"WebSite","@id":"https:\/\/stellair-show.com\/en\/#website","url":"https:\/\/stellair-show.com\/en\/","name":"STELLAIR","description":"Spectacle de drones","publisher":{"@id":"https:\/\/stellair-show.com\/en\/#organization"},"potentialAction":[{"@type":"SearchAction","target":{"@type":"EntryPoint","urlTemplate":"https:\/\/stellair-show.com\/en\/?s={search_term_string}"},"query-input":{"@type":"PropertyValueSpecification","valueRequired":true,"valueName":"search_term_string"}}],"inLanguage":"en-US"},{"@type":"Organization","@id":"https:\/\/stellair-show.com\/en\/#organization","name":"Stellair","url":"https:\/\/stellair-show.com\/en\/","logo":{"@type":"ImageObject","inLanguage":"en-US","@id":"https:\/\/stellair-show.com\/en\/#\/schema\/logo\/image\/","url":"https:\/\/stellair-show.com\/wp-content\/uploads\/2024\/04\/logo-stellair-white-black.svg","contentUrl":"https:\/\/stellair-show.com\/wp-content\/uploads\/2024\/04\/logo-stellair-white-black.svg","width":517,"height":380,"caption":"Stellair"},"image":{"@id":"https:\/\/stellair-show.com\/en\/#\/schema\/logo\/image\/"},"sameAs":["https:\/\/www.facebook.com\/profile.php?id=100090566400561","https:\/\/fr.linkedin.com\/company\/stellair-show","https:\/\/www.instagram.com\/stellair_show\/"],"description":"Bienvenue chez Stellair, experts des spectacles de drone lumineux. Nous combinons la technologie des drones avec l'art visuel pour cr\u00e9er des exp\u00e9riences uniques. Nos spectacles sont personnalisables et adapt\u00e9s \u00e0 divers \u00e9v\u00e9nements. Notre \u00e9quipe assure une planification minutieuse et une ex\u00e9cution impeccable pour des moments magiques dans le ciel.","email":"contact@stellair-show.com","telephone":"0686541538","legalName":"PETRA"},{"@type":"Person","@id":"https:\/\/stellair-show.com\/en\/#\/schema\/person\/a558e89a2f8c1a88c0938b316c596c27","name":"STELLAIR","image":{"@type":"ImageObject","inLanguage":"en-US","@id":"https:\/\/secure.gravatar.com\/avatar\/b019528ceaae7ad4ba9a117b244517aef8dae3ed5a804aad99af2d29f3aee34b?s=96&d=mm&r=g","url":"https:\/\/secure.gravatar.com\/avatar\/b019528ceaae7ad4ba9a117b244517aef8dae3ed5a804aad99af2d29f3aee34b?s=96&d=mm&r=g","contentUrl":"https:\/\/secure.gravatar.com\/avatar\/b019528ceaae7ad4ba9a117b244517aef8dae3ed5a804aad99af2d29f3aee34b?s=96&d=mm&r=g","caption":"STELLAIR"},"sameAs":["https:\/\/stellair-show.com"]}]}},"_links":{"self":[{"href":"https:\/\/stellair-show.com\/en\/wp-json\/wp\/v2\/pages\/4250","targetHints":{"allow":["GET"]}}],"collection":[{"href":"https:\/\/stellair-show.com\/en\/wp-json\/wp\/v2\/pages"}],"about":[{"href":"https:\/\/stellair-show.com\/en\/wp-json\/wp\/v2\/types\/page"}],"author":[{"embeddable":true,"href":"https:\/\/stellair-show.com\/en\/wp-json\/wp\/v2\/users\/1"}],"replies":[{"embeddable":true,"href":"https:\/\/stellair-show.com\/en\/wp-json\/wp\/v2\/comments?post=4250"}],"version-history":[{"count":1,"href":"https:\/\/stellair-show.com\/en\/wp-json\/wp\/v2\/pages\/4250\/revisions"}],"predecessor-version":[{"id":4251,"href":"https:\/\/stellair-show.com\/en\/wp-json\/wp\/v2\/pages\/4250\/revisions\/4251"}],"wp:attachment":[{"href":"https:\/\/stellair-show.com\/en\/wp-json\/wp\/v2\/media?parent=4250"}],"curies":[{"name":"wp","href":"https:\/\/api.w.org\/{rel}","templated":true}]}}